{"id":8887,"date":"2022-12-06T11:04:53","date_gmt":"2022-12-06T11:04:53","guid":{"rendered":"https:\/\/kapci.hansaagency.com\/?page_id=8887"},"modified":"2022-12-10T09:48:28","modified_gmt":"2022-12-10T09:48:28","slug":"latico-products","status":"publish","type":"page","link":"https:\/\/kapci.com\/fr\/latico-products\/","title":{"rendered":"Latico product&#8217;s"},"content":{"rendered":"<p><div class=\"fusion-fullwidth fullwidth-box fusion-builder-row-1 fusion-flex-container has-pattern-background has-mask-background hundred-percent-fullwidth non-hundred-percent-height-scrolling\" style=\"--awb-border-radius-top-left:0px;--awb-border-radius-top-right:0px;--awb-border-radius-bottom-right:0px;--awb-border-radius-bottom-left:0px;\" ><div class=\"fusion-builder-row fusion-row fusion-flex-align-items-flex-start\" style=\"width:104% !important;max-width:104% !important;margin-left: calc(-4% \/ 2 );margin-right: calc(-4% \/ 2 );\"><div class=\"fusion-layout-column fusion_builder_column fusion-builder-column-0 fusion_builder_column_1_1 1_1 fusion-flex-column\" style=\"--awb-bg-size:cover;--awb-width-large:100%;--awb-margin-top-large:0px;--awb-spacing-right-large:1.92%;--awb-margin-bottom-large:20px;--awb-spacing-left-large:1.92%;--awb-width-medium:100%;--awb-order-medium:0;--awb-spacing-right-medium:1.92%;--awb-spacing-left-medium:1.92%;--awb-width-small:100%;--awb-order-small:0;--awb-spacing-right-small:1.92%;--awb-spacing-left-small:1.92%;\"><div class=\"fusion-column-wrapper fusion-column-has-shadow fusion-flex-justify-content-flex-start fusion-content-layout-column\"><div class=\"fusion-separator fusion-full-width-sep\" style=\"align-self: center;margin-left: auto;margin-right: auto;width:100%;\"><\/div><\/div><\/div><\/div><\/div><div class=\"fusion-fullwidth fullwidth-box fusion-builder-row-2 fusion-flex-container has-pattern-background has-mask-background nonhundred-percent-fullwidth non-hundred-percent-height-scrolling\" style=\"--awb-border-radius-top-left:0px;--awb-border-radius-top-right:0px;--awb-border-radius-bottom-right:0px;--awb-border-radius-bottom-left:0px;\" ><div class=\"fusion-builder-row fusion-row fusion-flex-align-items-flex-start\" style=\"max-width:1248px;margin-left: calc(-4% \/ 2 );margin-right: calc(-4% \/ 2 );\"><div class=\"fusion-layout-column fusion_builder_column fusion-builder-column-1 fusion_builder_column_1_1 1_1 fusion-flex-column\" style=\"--awb-bg-size:cover;--awb-width-large:100%;--awb-margin-top-large:0px;--awb-spacing-right-large:1.92%;--awb-margin-bottom-large:20px;--awb-spacing-left-large:1.92%;--awb-width-medium:100%;--awb-order-medium:0;--awb-spacing-right-medium:1.92%;--awb-spacing-left-medium:1.92%;--awb-width-small:100%;--awb-order-small:0;--awb-spacing-right-small:1.92%;--awb-spacing-left-small:1.92%;\"><div class=\"fusion-column-wrapper fusion-column-has-shadow fusion-flex-justify-content-flex-start fusion-content-layout-column\"><div class=\"fusion-separator fusion-full-width-sep\" style=\"align-self: center;margin-left: auto;margin-right: auto;width:100%;\"><\/div><div class=\"fusion-separator fusion-full-width-sep\" style=\"align-self: center;margin-left: auto;margin-right: auto;width:100%;\"><\/div><div class=\"fusion-text fusion-text-1\" style=\"--awb-font-size:26px;--awb-text-font-family:&quot;Poppins&quot;;--awb-text-font-style:normal;--awb-text-font-weight:600;\"><p><img decoding=\"async\" class=\"alignleft wp-image-8993 size-fusion-400\" src=\"https:\/\/kapci.com\/wp-content\/uploads\/2022\/12\/Kapci-web-latico-2-400x212.png\" alt=\"\" width=\"400\" height=\"212\" srcset=\"https:\/\/kapci.com\/wp-content\/uploads\/2022\/12\/Kapci-web-latico-2-18x10.png 18w, https:\/\/kapci.com\/wp-content\/uploads\/2022\/12\/Kapci-web-latico-2-200x106.png 200w, https:\/\/kapci.com\/wp-content\/uploads\/2022\/12\/Kapci-web-latico-2-300x159.png 300w, https:\/\/kapci.com\/wp-content\/uploads\/2022\/12\/Kapci-web-latico-2-400x212.png 400w, https:\/\/kapci.com\/wp-content\/uploads\/2022\/12\/Kapci-web-latico-2-500x266.png 500w, https:\/\/kapci.com\/wp-content\/uploads\/2022\/12\/Kapci-web-latico-2-600x319.png 600w, https:\/\/kapci.com\/wp-content\/uploads\/2022\/12\/Kapci-web-latico-2-700x372.png 700w, https:\/\/kapci.com\/wp-content\/uploads\/2022\/12\/Kapci-web-latico-2-768x408.png 768w, https:\/\/kapci.com\/wp-content\/uploads\/2022\/12\/Kapci-web-latico-2-800x425.png 800w, https:\/\/kapci.com\/wp-content\/uploads\/2022\/12\/Kapci-web-latico-2-1024x544.png 1024w, https:\/\/kapci.com\/wp-content\/uploads\/2022\/12\/Kapci-web-latico-2-1200x637.png 1200w, https:\/\/kapci.com\/wp-content\/uploads\/2022\/12\/Kapci-web-latico-2-1536x816.png 1536w\" sizes=\"(max-width: 400px) 100vw, 400px\" \/><\/p>\n<\/div><\/div><\/div><\/div><\/div><div class=\"fusion-fullwidth fullwidth-box fusion-builder-row-3 fusion-flex-container has-pattern-background has-mask-background fusion-parallax-none nonhundred-percent-fullwidth non-hundred-percent-height-scrolling\" style=\"--awb-border-radius-top-left:0px;--awb-border-radius-top-right:0px;--awb-border-radius-bottom-right:0px;--awb-border-radius-bottom-left:0px;--awb-padding-top:20px;--awb-padding-bottom:0px;--awb-margin-bottom:23px;--awb-background-image:url(&quot;https:\/\/kapci.com\/wp-content\/uploads\/2022\/12\/wood-1.jpg&quot;);--awb-background-size:cover;\" ><div class=\"fusion-builder-row fusion-row fusion-flex-align-items-center fusion-flex-justify-content-center\" style=\"max-width:1248px;margin-left: calc(-4% \/ 2 );margin-right: calc(-4% \/ 2 );\"><div class=\"fusion-layout-column fusion_builder_column fusion-builder-column-2 fusion_builder_column_1_2 1_2 fusion-flex-column\" style=\"--awb-bg-size:cover;--awb-width-large:50%;--awb-margin-top-large:0px;--awb-spacing-right-large:3.84%;--awb-margin-bottom-large:0px;--awb-spacing-left-large:3.84%;--awb-width-medium:50%;--awb-order-medium:0;--awb-spacing-right-medium:3.84%;--awb-spacing-left-medium:3.84%;--awb-width-small:100%;--awb-order-small:0;--awb-spacing-right-small:1.92%;--awb-spacing-left-small:1.92%;\"><div class=\"fusion-column-wrapper fusion-column-has-shadow fusion-flex-justify-content-flex-start fusion-content-layout-column\"><div class=\"fusion-image-element\" style=\"--awb-mask-url: url(https:\/\/kapci.com\/wp-content\/plugins\/fusion-builder\/\/assets\/images\/masks\/mask-17.svg);--awb-mask-size: cover;--awb-caption-title-size:var(--h2_typography-font-size);--awb-caption-title-transform:var(--h2_typography-text-transform);--awb-caption-title-line-height:var(--h2_typography-line-height);--awb-caption-title-letter-spacing:var(--h2_typography-letter-spacing);\"><span class=\"fusion-imageframe imageframe-none imageframe-1 hover-type-none has-mask\"><img decoding=\"async\" width=\"2560\" height=\"1708\" title=\"DSC04981\" src=\"https:\/\/kapci.com\/wp-content\/uploads\/2022\/12\/DSC04981-scaled.jpg\" alt class=\"img-responsive wp-image-8987\" srcset=\"https:\/\/kapci.com\/wp-content\/uploads\/2022\/12\/DSC04981-200x133.jpg 200w, https:\/\/kapci.com\/wp-content\/uploads\/2022\/12\/DSC04981-400x267.jpg 400w, https:\/\/kapci.com\/wp-content\/uploads\/2022\/12\/DSC04981-600x400.jpg 600w, https:\/\/kapci.com\/wp-content\/uploads\/2022\/12\/DSC04981-800x534.jpg 800w, https:\/\/kapci.com\/wp-content\/uploads\/2022\/12\/DSC04981-1200x800.jpg 1200w, https:\/\/kapci.com\/wp-content\/uploads\/2022\/12\/DSC04981-scaled.jpg 2560w\" sizes=\"(max-width: 0px) 100vw, 600px\" \/><\/span><\/div><\/div><\/div><div class=\"fusion-layout-column fusion_builder_column fusion-builder-column-3 fusion_builder_column_1_2 1_2 fusion-flex-column\" style=\"--awb-padding-right:20px;--awb-bg-size:cover;--awb-width-large:50%;--awb-margin-top-large:0px;--awb-spacing-right-large:0%;--awb-margin-bottom-large:20px;--awb-spacing-left-large:3.84%;--awb-width-medium:50%;--awb-order-medium:0;--awb-spacing-right-medium:0%;--awb-spacing-left-medium:3.84%;--awb-width-small:100%;--awb-order-small:0;--awb-spacing-right-small:1.92%;--awb-spacing-left-small:1.92%;\"><div class=\"fusion-column-wrapper fusion-column-has-shadow fusion-flex-justify-content-flex-start fusion-content-layout-column\"><div class=\"fusion-title title fusion-title-1 fusion-sep-none fusion-title-text fusion-title-size-two\" style=\"--awb-text-color:#ffffff;\"><h2 class=\"title-heading-left\" style=\"margin:0;\"><p style=\"text-align: left;\">Peintures Auto<\/p><\/h2><\/div><div class=\"fusion-text fusion-text-2\" style=\"--awb-font-size:14px;--awb-text-color:#ffffff;--awb-text-font-family:&quot;Poppins&quot;;--awb-text-font-style:normal;--awb-text-font-weight:400;\"><p>Le syst\u00e8me Laticobase 5770 et Laticocryl 5700 a \u00e9t\u00e9 con\u00e7u pour fournir une excellente correspondance des couleurs et a apport\u00e9 des solutions globales extraordinaires \u00e0 l'industrie de la finition automobile. La ligne \u00e9conomique a \u00e9t\u00e9 con\u00e7ue pour maintenir le rapport qualit\u00e9-prix tout en maintenant la position de haute qualit\u00e9 pour laquelle les produits Kapci sont connus. Les toners nacr\u00e9s, m\u00e9talliques et solides sont disponibles dans le syst\u00e8me. Les couches de base Latico et les peintures 2K sont faciles \u00e0 utiliser et ont d'excellentes \u2026<\/p>\n<\/div><div style=\"text-align:right;\"><a class=\"fusion-button button-flat button-large button-custom fusion-button-default button-1 fusion-button-default-span fusion-button-default-type fusion-has-button-gradient\" style=\"--button_accent_color:var(--awb-color1);--button_accent_hover_color:var(--awb-color1);--button_border_hover_color:var(--awb-color1);--button_gradient_top_color:rgba(5,5,5,0);--button_gradient_bottom_color:rgba(170,170,170,0);--button_gradient_top_color_hover:rgba(0,0,0,0);--button_gradient_bottom_color_hover:rgba(0,0,0,0);\" target=\"_self\" href=\"https:\/\/kapci.com\/fr\/automotive-refinish-latico\/\"><span class=\"fusion-button-text\">Lire la suite<\/span><i class=\"fa-angle-double-right fas button-icon-right\" aria-hidden=\"true\"><\/i><\/a><\/div><\/div><\/div><\/div><\/div><div class=\"fusion-fullwidth fullwidth-box fusion-builder-row-4 fusion-flex-container has-pattern-background has-mask-background fusion-parallax-none nonhundred-percent-fullwidth non-hundred-percent-height-scrolling\" style=\"--awb-border-radius-top-left:0px;--awb-border-radius-top-right:0px;--awb-border-radius-bottom-right:0px;--awb-border-radius-bottom-left:0px;--awb-padding-top:20px;--awb-padding-bottom:0px;--awb-margin-bottom:23px;--awb-background-image:url(&quot;https:\/\/kapci.com\/wp-content\/uploads\/2022\/12\/wood-1.jpg&quot;);--awb-background-size:cover;\" ><div class=\"fusion-builder-row fusion-row fusion-flex-align-items-center fusion-flex-justify-content-center\" style=\"max-width:1248px;margin-left: calc(-4% \/ 2 );margin-right: calc(-4% \/ 2 );\"><div class=\"fusion-layout-column fusion_builder_column fusion-builder-column-4 fusion_builder_column_1_2 1_2 fusion-flex-column\" style=\"--awb-bg-size:cover;--awb-width-large:50%;--awb-margin-top-large:0px;--awb-spacing-right-large:3.84%;--awb-margin-bottom-large:0px;--awb-spacing-left-large:3.84%;--awb-width-medium:50%;--awb-order-medium:0;--awb-spacing-right-medium:3.84%;--awb-spacing-left-medium:3.84%;--awb-width-small:100%;--awb-order-small:0;--awb-spacing-right-small:1.92%;--awb-spacing-left-small:1.92%;\"><div class=\"fusion-column-wrapper fusion-column-has-shadow fusion-flex-justify-content-flex-start fusion-content-layout-column\"><div class=\"fusion-image-element\" style=\"--awb-mask-url: url(https:\/\/kapci.com\/wp-content\/plugins\/fusion-builder\/\/assets\/images\/masks\/mask-17.svg);--awb-mask-size: cover;--awb-caption-title-size:var(--h2_typography-font-size);--awb-caption-title-transform:var(--h2_typography-text-transform);--awb-caption-title-line-height:var(--h2_typography-line-height);--awb-caption-title-letter-spacing:var(--h2_typography-letter-spacing);\"><span class=\"fusion-imageframe imageframe-none imageframe-2 hover-type-none has-mask\"><img decoding=\"async\" width=\"2560\" height=\"1698\" title=\"shutterstock_115588573\" src=\"https:\/\/kapci.com\/wp-content\/uploads\/2022\/12\/shutterstock_115588573-scaled.jpg\" alt class=\"img-responsive wp-image-8989\" srcset=\"https:\/\/kapci.com\/wp-content\/uploads\/2022\/12\/shutterstock_115588573-200x133.jpg 200w, https:\/\/kapci.com\/wp-content\/uploads\/2022\/12\/shutterstock_115588573-400x265.jpg 400w, https:\/\/kapci.com\/wp-content\/uploads\/2022\/12\/shutterstock_115588573-600x398.jpg 600w, https:\/\/kapci.com\/wp-content\/uploads\/2022\/12\/shutterstock_115588573-800x531.jpg 800w, https:\/\/kapci.com\/wp-content\/uploads\/2022\/12\/shutterstock_115588573-1200x796.jpg 1200w, https:\/\/kapci.com\/wp-content\/uploads\/2022\/12\/shutterstock_115588573-scaled.jpg 2560w\" sizes=\"(max-width: 0px) 100vw, 600px\" \/><\/span><\/div><\/div><\/div><div class=\"fusion-layout-column fusion_builder_column fusion-builder-column-5 fusion_builder_column_1_2 1_2 fusion-flex-column\" style=\"--awb-padding-right:20px;--awb-bg-size:cover;--awb-width-large:50%;--awb-margin-top-large:0px;--awb-spacing-right-large:0%;--awb-margin-bottom-large:20px;--awb-spacing-left-large:3.84%;--awb-width-medium:50%;--awb-order-medium:0;--awb-spacing-right-medium:0%;--awb-spacing-left-medium:3.84%;--awb-width-small:100%;--awb-order-small:0;--awb-spacing-right-small:1.92%;--awb-spacing-left-small:1.92%;\"><div class=\"fusion-column-wrapper fusion-column-has-shadow fusion-flex-justify-content-flex-start fusion-content-layout-column\"><div class=\"fusion-title title fusion-title-2 fusion-sep-none fusion-title-text fusion-title-size-two\" style=\"--awb-text-color:#ffffff;\"><h2 class=\"title-heading-left\" style=\"margin:0;\"><p style=\"text-align: left;\">Peintures Bois<\/p><\/h2><\/div><div class=\"fusion-text fusion-text-3\" style=\"--awb-font-size:14px;--awb-text-color:#ffffff;--awb-text-font-family:&quot;Poppins&quot;;--awb-text-font-style:normal;--awb-text-font-weight:400;\"><p>Kapci propose une large gamme de produits de finition du bois sous la marque Latico. La gamme de produits comprend la gamme Nitrocellulose et les teintures \u00e0 bois universelles. Ces produits sont utilis\u00e9s pour pr\u00e9server et prot\u00e9ger l'apparence et la texture d'une grande vari\u00e9t\u00e9 de produits en bois. La protection assure la durabilit\u00e9 et embellit les produits du bois utilis\u00e9s pour de nombreuses applications diff\u00e9rentes\u2026<\/p>\n<\/div><div style=\"text-align:right;\"><a class=\"fusion-button button-flat button-large button-custom fusion-button-default button-2 fusion-button-default-span fusion-button-default-type fusion-has-button-gradient\" style=\"--button_accent_color:var(--awb-color1);--button_accent_hover_color:var(--awb-color1);--button_border_hover_color:var(--awb-color1);--button_gradient_top_color:rgba(5,5,5,0);--button_gradient_bottom_color:rgba(170,170,170,0);--button_gradient_top_color_hover:rgba(0,0,0,0);--button_gradient_bottom_color_hover:rgba(0,0,0,0);\" target=\"_self\" href=\"https:\/\/kapci.com\/fr\/wood-coatings-latico\/\"><span class=\"fusion-button-text\">Lire la suite<\/span><i class=\"fa-angle-double-right fas button-icon-right\" aria-hidden=\"true\"><\/i><\/a><\/div><\/div><\/div><\/div><\/div><div class=\"fusion-fullwidth fullwidth-box fusion-builder-row-5 fusion-flex-container has-pattern-background has-mask-background fusion-parallax-none nonhundred-percent-fullwidth non-hundred-percent-height-scrolling\" style=\"--awb-border-radius-top-left:0px;--awb-border-radius-top-right:0px;--awb-border-radius-bottom-right:0px;--awb-border-radius-bottom-left:0px;--awb-padding-top:20px;--awb-padding-bottom:0px;--awb-margin-bottom:23px;--awb-background-image:url(&quot;https:\/\/kapci.com\/wp-content\/uploads\/2022\/12\/wood-1.jpg&quot;);--awb-background-size:cover;\" ><div class=\"fusion-builder-row fusion-row fusion-flex-align-items-center fusion-flex-justify-content-center\" style=\"max-width:1248px;margin-left: calc(-4% \/ 2 );margin-right: calc(-4% \/ 2 );\"><div class=\"fusion-layout-column fusion_builder_column fusion-builder-column-6 fusion_builder_column_1_2 1_2 fusion-flex-column\" style=\"--awb-bg-size:cover;--awb-width-large:50%;--awb-margin-top-large:0px;--awb-spacing-right-large:3.84%;--awb-margin-bottom-large:0px;--awb-spacing-left-large:3.84%;--awb-width-medium:50%;--awb-order-medium:0;--awb-spacing-right-medium:3.84%;--awb-spacing-left-medium:3.84%;--awb-width-small:100%;--awb-order-small:0;--awb-spacing-right-small:1.92%;--awb-spacing-left-small:1.92%;\"><div class=\"fusion-column-wrapper fusion-column-has-shadow fusion-flex-justify-content-flex-start fusion-content-layout-column\"><div class=\"fusion-image-element\" style=\"--awb-mask-url: url(https:\/\/kapci.com\/wp-content\/plugins\/fusion-builder\/\/assets\/images\/masks\/mask-17.svg);--awb-mask-size: cover;--awb-caption-title-size:var(--h2_typography-font-size);--awb-caption-title-transform:var(--h2_typography-text-transform);--awb-caption-title-line-height:var(--h2_typography-line-height);--awb-caption-title-letter-spacing:var(--h2_typography-letter-spacing);\"><span class=\"fusion-imageframe imageframe-none imageframe-3 hover-type-none has-mask\"><img decoding=\"async\" width=\"2560\" height=\"1707\" title=\"shutterstock_692478979\" src=\"https:\/\/kapci.com\/wp-content\/uploads\/2022\/12\/shutterstock_692478979-scaled.jpg\" alt class=\"img-responsive wp-image-8988\" srcset=\"https:\/\/kapci.com\/wp-content\/uploads\/2022\/12\/shutterstock_692478979-200x133.jpg 200w, https:\/\/kapci.com\/wp-content\/uploads\/2022\/12\/shutterstock_692478979-400x267.jpg 400w, https:\/\/kapci.com\/wp-content\/uploads\/2022\/12\/shutterstock_692478979-600x400.jpg 600w, https:\/\/kapci.com\/wp-content\/uploads\/2022\/12\/shutterstock_692478979-800x533.jpg 800w, https:\/\/kapci.com\/wp-content\/uploads\/2022\/12\/shutterstock_692478979-1200x800.jpg 1200w, https:\/\/kapci.com\/wp-content\/uploads\/2022\/12\/shutterstock_692478979-scaled.jpg 2560w\" sizes=\"(max-width: 0px) 100vw, 600px\" \/><\/span><\/div><\/div><\/div><div class=\"fusion-layout-column fusion_builder_column fusion-builder-column-7 fusion_builder_column_1_2 1_2 fusion-flex-column\" style=\"--awb-padding-right:20px;--awb-bg-size:cover;--awb-width-large:50%;--awb-margin-top-large:0px;--awb-spacing-right-large:0%;--awb-margin-bottom-large:20px;--awb-spacing-left-large:3.84%;--awb-width-medium:50%;--awb-order-medium:0;--awb-spacing-right-medium:0%;--awb-spacing-left-medium:3.84%;--awb-width-small:100%;--awb-order-small:0;--awb-spacing-right-small:1.92%;--awb-spacing-left-small:1.92%;\"><div class=\"fusion-column-wrapper fusion-column-has-shadow fusion-flex-justify-content-flex-start fusion-content-layout-column\"><div class=\"fusion-title title fusion-title-3 fusion-sep-none fusion-title-text fusion-title-size-two\" style=\"--awb-text-color:#ffffff;\"><h2 class=\"title-heading-left\" style=\"margin:0;\"><p style=\"text-align: left;\">Decorative Paint<\/p><\/h2><\/div><div class=\"fusion-text fusion-text-4\" style=\"--awb-font-size:14px;--awb-text-color:#ffffff;--awb-text-font-family:&quot;Poppins&quot;;--awb-text-font-style:normal;--awb-text-font-weight:400;\"><p>Kapci Coatings propose une grande vari\u00e9t\u00e9 de peintures d\u00e9coratives sous la marque Latico et comprend des peintures alkydes, des \u00e9mulsions, des colorants universels, des scellants, du mastic mural et des peintures textur\u00e9es. Les rev\u00eatements d\u00e9coratifs Latico sont utilis\u00e9s dans diff\u00e9rentes applications qui incluent l'architecture\u2026<\/p>\n<\/div><div style=\"text-align:right;\"><a class=\"fusion-button button-flat button-large button-custom fusion-button-default button-3 fusion-button-default-span fusion-button-default-type fusion-has-button-gradient\" style=\"--button_accent_color:var(--awb-color1);--button_accent_hover_color:var(--awb-color1);--button_border_hover_color:var(--awb-color1);--button_gradient_top_color:rgba(5,5,5,0);--button_gradient_bottom_color:rgba(170,170,170,0);--button_gradient_top_color_hover:rgba(0,0,0,0);--button_gradient_bottom_color_hover:rgba(0,0,0,0);\" target=\"_self\" href=\"https:\/\/kapci.com\/fr\/decorative-paints-latico\/\"><span class=\"fusion-button-text\">Lire la suite<\/span><i class=\"fa-angle-double-right fas button-icon-right\" aria-hidden=\"true\"><\/i><\/a><\/div><\/div><\/div><\/div><\/div><\/p>","protected":false},"excerpt":{"rendered":"","protected":false},"author":1,"featured_media":0,"parent":0,"menu_order":0,"comment_status":"closed","ping_status":"closed","template":"","meta":{"footnotes":""},"class_list":["post-8887","page","type-page","status-publish","hentry"],"acf":[],"_links":{"self":[{"href":"https:\/\/kapci.com\/fr\/wp-json\/wp\/v2\/pages\/8887","targetHints":{"allow":["GET"]}}],"collection":[{"href":"https:\/\/kapci.com\/fr\/wp-json\/wp\/v2\/pages"}],"about":[{"href":"https:\/\/kapci.com\/fr\/wp-json\/wp\/v2\/types\/page"}],"author":[{"embeddable":true,"href":"https:\/\/kapci.com\/fr\/wp-json\/wp\/v2\/users\/1"}],"replies":[{"embeddable":true,"href":"https:\/\/kapci.com\/fr\/wp-json\/wp\/v2\/comments?post=8887"}],"version-history":[{"count":12,"href":"https:\/\/kapci.com\/fr\/wp-json\/wp\/v2\/pages\/8887\/revisions"}],"predecessor-version":[{"id":9005,"href":"https:\/\/kapci.com\/fr\/wp-json\/wp\/v2\/pages\/8887\/revisions\/9005"}],"wp:attachment":[{"href":"https:\/\/kapci.com\/fr\/wp-json\/wp\/v2\/media?parent=8887"}],"curies":[{"name":"wp","href":"https:\/\/api.w.org\/{rel}","templated":true}]}}